{"id":2956,"date":"2023-01-05T04:02:47","date_gmt":"2023-01-05T04:02:47","guid":{"rendered":"https:\/\/plasticcenter.com.mx\/web\/?page_id=2956"},"modified":"2024-08-11T23:51:50","modified_gmt":"2024-08-11T23:51:50","slug":"saco-bopp","status":"publish","type":"page","link":"https:\/\/plasticcenter.com.mx\/web\/saco-bopp\/","title":{"rendered":"Saco BOPP"},"content":{"rendered":"<section class=\"wpb-content-wrapper\"><p>[vc_row][vc_column]<div class=\"ba-empty-space \" style=\"\"><div class=\"ba_empty_space_lg\"  style=\"height: 80px\"><\/div><div class=\"ba_empty_space_md\"  style=\"height: 80px\"><\/div><div class=\"ba_empty_space_xs\"  style=\"height: 80px\"><\/div><\/div>[\/vc_column][\/vc_row][vc_row][vc_column][vc_row_inner][vc_column_inner width=\u00bb2\/3&#8243; offset=\u00bbvc_col-lg-8 vc_col-md-8&#8243;][vc_column_text]Empaque elaborado con tela de polipropileno laminada con una capa de BOPP impreso con calidad fotogr\u00e1fica.<\/p>\n<p><strong>Beneficios<\/strong><\/p>\n<ul>\n<li>Altamente resistentes al Impacto<\/li>\n<li>Alta barrera a la humedad<\/li>\n<li>Excelentes propiedades \u00f3pticas (transparencia y brillos)<\/li>\n<li>Barrera a la permeaci\u00f3n del vapor de agua<\/li>\n<li>Impresi\u00f3n de calidad fotogr\u00e1fica<\/li>\n<li>Reciclables<\/li>\n<\/ul>\n<p><strong>Tipo de cierre\u00a0\u00a0\u00a0\u00a0\u00a0\u00a0\u00a0 <\/strong><\/p>\n<ul>\n<li>Costura en fondo<\/li>\n<li>Easy-open (Abre f\u00e1cil en boca)<\/li>\n<li>Tape (Cinta termofijada) en el fondo del saco<\/li>\n<li>Costura + Tape en el fondo del saco<\/li>\n<\/ul>\n<ul>\n<li>Peso (g\/m2) \/ Estructura<\/li>\n<li>BOPP Bicapa con un peso de 110 g\/m2 a 136 g\/m2<\/li>\n<li>BOPP Monocapa con un peso de 90 g\/m2 a 110 g\/m2<\/li>\n<\/ul>\n<p><strong>Color\u00a0 <\/strong><\/p>\n<ul>\n<li>Blanco<\/li>\n<li>Transparente<\/li>\n<\/ul>\n<p><strong>Dimensiones\u00a0\u00a0\u00a0\u00a0\u00a0\u00a0\u00a0\u00a0\u00a0 <\/strong><\/p>\n<ul>\n<li>Ancho entre 41 cm y 60 cm<\/li>\n<li>Largo entre 42 cm y 107 cm<\/li>\n<li>Fuelle entre 5 cm y 9.5 cm<\/li>\n<\/ul>\n<p><strong>Impresi\u00f3n (opcional)<\/strong><\/p>\n<ul>\n<li>Full color (Calidad Fotogr\u00e1fica)<\/li>\n<\/ul>\n<p>[\/vc_column_text]<div class=\"ba-empty-space \" style=\"\"><div class=\"ba_empty_space_lg\"  style=\"height: 0px\"><\/div><div class=\"ba_empty_space_md\"  style=\"height: 30px\"><\/div><div class=\"ba_empty_space_xs\"  style=\"height: 30px\"><\/div><\/div>[\/vc_column_inner][vc_column_inner width=\u00bb1\/3&#8243;][vc_single_image image=\u00bb2957&#8243; img_size=\u00bb300&#215;600&#8243; add_caption=\u00bbyes\u00bb][\/vc_column_inner][\/vc_row_inner]<div class=\"ba-empty-space \" style=\"\"><div class=\"ba_empty_space_lg\"  style=\"height: 55px\"><\/div><div class=\"ba_empty_space_md\"  style=\"height: 55px\"><\/div><div class=\"ba_empty_space_xs\"  style=\"height: 55px\"><\/div><\/div>[\/vc_column][\/vc_row][vc_row][vc_column]<div class=\"ba-empty-space \" style=\"\"><div class=\"ba_empty_space_lg\"  style=\"height: 47px\"><\/div><div class=\"ba_empty_space_md\"  style=\"height: 47px\"><\/div><div class=\"ba_empty_space_xs\"  style=\"height: 47px\"><\/div><\/div>[\/vc_column][\/vc_row][vc_row disable_element=\u00bbyes\u00bb][vc_column]<div class=\"dl-contact-box \">\n\t\t\t\t<div class=\"row\">\n\t\t\t\t\t<div class=\"col-md-7 col-sm-12 col-xs-12 contact-box-content\">\n\t\t\t\t\t\t<div class=\"left-box-ct\">\n\t\t\t\t\t\t\t<div class='delaware-section-title  delaware_title-type-4 row' >\n\t\t\t\t<h2 class='col-xs-12 col-sm-12 text-center title no-underline' style=''>Recuerda que Somos Fabricantes<\/h2>\n\t\t\t\t \n\t\t\t<\/div>\n\t\t\t\t\t\t\t<div class=\"sub-title\">Pide cotizaci\u00f3n o informaci\u00f3n a nuestro WhatsApp:<\/div><div class=\"des-contact-box\"><span class=\"hightlight\">604 334 0248<\/span><\/div>\n\t\t\t\t\t\t\t<div><ul class=\"address-ct-box\"><li><span>Env\u00edanos un correo electr\u00f3nico a:<\/span>ventas@plasticcenter.com.mx<\/li><\/ul><ul class=\"extra-ct-box\"><li><span>: <\/span><\/li><\/ul><\/div>\n\t\t\t\t\t\t<\/div>\n\t\t\t\t\t<\/div>\n\t\t\t\t\t<div class=\"col-md-5 col-sm-12 col-xs-12 contact-box-form\">\n\t\t\t\t\t\t<div class=\"form-ct-box\"><div class='delaware-section-title  delaware_title-type-4 row' >\n\t\t\t\t<h3 class='col-xs-12 col-sm-12 text-center title no-underline' style=''>C\u00f3ntactanos<\/h3>\n\t\t\t\t \n\t\t\t<\/div> <div class=\"dl-contact-form-7 form-light \" style=\"\">\n<div class=\"wpcf7 no-js\" id=\"wpcf7-f1168-o1\" lang=\"en-US\" dir=\"ltr\">\n<div class=\"screen-reader-response\"><p role=\"status\" aria-live=\"polite\" aria-atomic=\"true\"><\/p> <ul><\/ul><\/div>\n<form action=\"\/web\/wp-json\/wp\/v2\/pages\/2956#wpcf7-f1168-o1\" method=\"post\" class=\"wpcf7-form init\" aria-label=\"Contact form\" novalidate=\"novalidate\" data-status=\"init\">\n<div style=\"display: none;\">\n<input type=\"hidden\" name=\"_wpcf7\" value=\"1168\" \/>\n<input type=\"hidden\" name=\"_wpcf7_version\" value=\"5.9.8\" \/>\n<input type=\"hidden\" name=\"_wpcf7_locale\" value=\"en_US\" \/>\n<input type=\"hidden\" name=\"_wpcf7_unit_tag\" value=\"wpcf7-f1168-o1\" \/>\n<input type=\"hidden\" name=\"_wpcf7_container_post\" value=\"0\" \/>\n<input type=\"hidden\" name=\"_wpcf7_posted_data_hash\" value=\"\" \/>\n<\/div>\n<div class=\"dl-form dl-form-2\">\n\t<div class=\"row\">\n\t\t<div class=\"col-md-6\">\n\t\t\t<p><span class=\"wpcf7-form-control-wrap\" data-name=\"your-name\"><input size=\"40\" maxlength=\"400\" class=\"wpcf7-form-control wpcf7-text wpcf7-validates-as-required\" aria-required=\"true\" aria-invalid=\"false\" placeholder=\"Nombre*\" value=\"\" type=\"text\" name=\"your-name\" \/><\/span><span class=\"wpcf7-form-control-wrap\" data-name=\"your-phone\"><input size=\"40\" maxlength=\"400\" class=\"wpcf7-form-control wpcf7-text wpcf7-validates-as-required\" aria-required=\"true\" aria-invalid=\"false\" placeholder=\"Tel\u00e9fono*\" value=\"\" type=\"text\" name=\"your-phone\" \/><\/span><span class=\"wpcf7-form-control-wrap\" data-name=\"text-610\"><input size=\"40\" maxlength=\"400\" class=\"wpcf7-form-control wpcf7-text\" aria-invalid=\"false\" placeholder=\"Asunto\" value=\"\" type=\"text\" name=\"text-610\" \/><\/span>\n\t\t\t<\/p>\n\t\t<\/div>\n\t\t<div class=\"col-md-6\">\n\t\t\t<p><span class=\"wpcf7-form-control-wrap\" data-name=\"textarea-445\"><textarea cols=\"40\" rows=\"10\" maxlength=\"2000\" class=\"wpcf7-form-control wpcf7-textarea\" aria-invalid=\"false\" placeholder=\"Mensaje\" name=\"textarea-445\"><\/textarea><\/span><input class=\"wpcf7-form-control wpcf7-submit has-spinner\" type=\"submit\" value=\"Enviar\" \/>\n\t\t\t<\/p>\n\t\t<\/div>\n\t<\/div>\n<\/div><div class=\"wpcf7-response-output\" aria-hidden=\"true\"><\/div>\n<\/form>\n<\/div>\n<\/div><\/div>\n\t\t\t\t\t<\/div>\n\t\t\t\t<\/div>\n \t\t\t<\/div>[\/vc_column][\/vc_row][vc_row][vc_column]<div class='delaware-section-title  delaware_title-type-2 row' >\n\t\t\t\t<h2 class='col-xs-12 col-sm-12 text-center title no-underline' style=''>RECUERDA QUE SOMOS FABRICANTES<\/h2>\n\t\t\t\t<div class=\"col-xs-12 col-sm-12 text-center desc\"><\/div> \n\t\t\t<\/div>[\/vc_column][\/vc_row][vc_row][vc_column width=\u00bb1\/3&#8243;]<div class=\"office-box \"><ul>\n\t\t\t\t\t<li><span>Pide cotizaci\u00f3n o informaci\u00f3n a nuestro WhatsApp:<\/span>614 334 0248<\/li>\n\t\t\t\t\t<li><span>O envianos un correo a:<\/span>sergio.ramirez@plasticcenter.com.mx<\/li><\/ul><\/div>[\/vc_column][vc_column width=\u00bb2\/3&#8243;]<div class=\"dl-contact-form-7 form-light \" style=\"\">C\u00d3NTACTANOS\n<div class=\"wpcf7 no-js\" id=\"wpcf7-f1168-o2\" lang=\"en-US\" dir=\"ltr\">\n<div class=\"screen-reader-response\"><p role=\"status\" aria-live=\"polite\" aria-atomic=\"true\"><\/p> <ul><\/ul><\/div>\n<form action=\"\/web\/wp-json\/wp\/v2\/pages\/2956#wpcf7-f1168-o2\" method=\"post\" class=\"wpcf7-form init\" aria-label=\"Contact form\" novalidate=\"novalidate\" data-status=\"init\">\n<div style=\"display: none;\">\n<input type=\"hidden\" name=\"_wpcf7\" value=\"1168\" \/>\n<input type=\"hidden\" name=\"_wpcf7_version\" value=\"5.9.8\" \/>\n<input type=\"hidden\" name=\"_wpcf7_locale\" value=\"en_US\" \/>\n<input type=\"hidden\" name=\"_wpcf7_unit_tag\" value=\"wpcf7-f1168-o2\" \/>\n<input type=\"hidden\" name=\"_wpcf7_container_post\" value=\"0\" \/>\n<input type=\"hidden\" name=\"_wpcf7_posted_data_hash\" value=\"\" \/>\n<\/div>\n<div class=\"dl-form dl-form-2\">\n\t<div class=\"row\">\n\t\t<div class=\"col-md-6\">\n\t\t\t<p><span class=\"wpcf7-form-control-wrap\" data-name=\"your-name\"><input size=\"40\" maxlength=\"400\" class=\"wpcf7-form-control wpcf7-text wpcf7-validates-as-required\" aria-required=\"true\" aria-invalid=\"false\" placeholder=\"Nombre*\" value=\"\" type=\"text\" name=\"your-name\" \/><\/span><span class=\"wpcf7-form-control-wrap\" data-name=\"your-phone\"><input size=\"40\" maxlength=\"400\" class=\"wpcf7-form-control wpcf7-text wpcf7-validates-as-required\" aria-required=\"true\" aria-invalid=\"false\" placeholder=\"Tel\u00e9fono*\" value=\"\" type=\"text\" name=\"your-phone\" \/><\/span><span class=\"wpcf7-form-control-wrap\" data-name=\"text-610\"><input size=\"40\" maxlength=\"400\" class=\"wpcf7-form-control wpcf7-text\" aria-invalid=\"false\" placeholder=\"Asunto\" value=\"\" type=\"text\" name=\"text-610\" \/><\/span>\n\t\t\t<\/p>\n\t\t<\/div>\n\t\t<div class=\"col-md-6\">\n\t\t\t<p><span class=\"wpcf7-form-control-wrap\" data-name=\"textarea-445\"><textarea cols=\"40\" rows=\"10\" maxlength=\"2000\" class=\"wpcf7-form-control wpcf7-textarea\" aria-invalid=\"false\" placeholder=\"Mensaje\" name=\"textarea-445\"><\/textarea><\/span><input class=\"wpcf7-form-control wpcf7-submit has-spinner\" type=\"submit\" value=\"Enviar\" \/>\n\t\t\t<\/p>\n\t\t<\/div>\n\t<\/div>\n<\/div><div class=\"wpcf7-response-output\" aria-hidden=\"true\"><\/div>\n<\/form>\n<\/div>\n<\/div>[\/vc_column][\/vc_row]<\/p>\n<\/section>","protected":false},"excerpt":{"rendered":"<p>[vc_row][vc_column][\/vc_column][\/vc_row][vc_row][vc_column][vc_row_inner][vc_column_inner width=\u00bb2\/3&#8243; offset=\u00bbvc_col-lg-8 vc_col-md-8&#8243;][vc_column_text]Empaque elaborado con tela de polipropileno laminada con una capa de BOPP impreso con calidad fotogr\u00e1fica. Beneficios Altamente resistentes al Impacto Alta barrera a la humedad Excelentes propiedades \u00f3pticas (transparencia y brillos) Barrera a la permeaci\u00f3n del vapor de agua Impresi\u00f3n de calidad fotogr\u00e1fica Reciclables Tipo de cierre\u00a0\u00a0\u00a0\u00a0\u00a0\u00a0\u00a0 Costura en fondo Easy-open [&hellip;]<\/p>\n","protected":false},"author":1,"featured_media":0,"parent":0,"menu_order":0,"comment_status":"closed","ping_status":"closed","template":"template-fullwidth.php","meta":{"two_page_speed":[],"footnotes":""},"class_list":["post-2956","page","type-page","status-publish","hentry","no-thumb"],"_links":{"self":[{"href":"https:\/\/plasticcenter.com.mx\/web\/wp-json\/wp\/v2\/pages\/2956","targetHints":{"allow":["GET"]}}],"collection":[{"href":"https:\/\/plasticcenter.com.mx\/web\/wp-json\/wp\/v2\/pages"}],"about":[{"href":"https:\/\/plasticcenter.com.mx\/web\/wp-json\/wp\/v2\/types\/page"}],"author":[{"embeddable":true,"href":"https:\/\/plasticcenter.com.mx\/web\/wp-json\/wp\/v2\/users\/1"}],"replies":[{"embeddable":true,"href":"https:\/\/plasticcenter.com.mx\/web\/wp-json\/wp\/v2\/comments?post=2956"}],"version-history":[{"count":4,"href":"https:\/\/plasticcenter.com.mx\/web\/wp-json\/wp\/v2\/pages\/2956\/revisions"}],"predecessor-version":[{"id":3140,"href":"https:\/\/plasticcenter.com.mx\/web\/wp-json\/wp\/v2\/pages\/2956\/revisions\/3140"}],"wp:attachment":[{"href":"https:\/\/plasticcenter.com.mx\/web\/wp-json\/wp\/v2\/media?parent=2956"}],"curies":[{"name":"wp","href":"https:\/\/api.w.org\/{rel}","templated":true}]}}